{"id":443,"date":"2021-06-02T14:03:05","date_gmt":"2021-06-02T12:03:05","guid":{"rendered":"https:\/\/quiltwerkstatt.at\/?page_id=443"},"modified":"2021-06-02T14:28:27","modified_gmt":"2021-06-02T12:28:27","slug":"kreativtraining","status":"publish","type":"page","link":"https:\/\/quiltwerkstatt.at\/?page_id=443","title":{"rendered":"Kreativtraining"},"content":{"rendered":"\t\t<div data-elementor-type=\"wp-page\" data-elementor-id=\"443\" class=\"elementor elementor-443\" data-elementor-settings=\"[]\">\n\t\t\t\t\t\t<div class=\"elementor-inner\">\n\t\t\t\t\t\t\t<div class=\"elementor-section-wrap\">\n\t\t\t\t\t\t\t<section class=\"elementor-section elementor-top-section elementor-element elementor-element-7d170a88 elementor-section-boxed elementor-section-height-default elementor-section-height-default\" data-id=\"7d170a88\" data-element_type=\"section\">\n\t\t\t\t\t\t<div class=\"elementor-container elementor-column-gap-default\">\n\t\t\t\t\t\t\t<div class=\"elementor-row\">\n\t\t\t\t\t<div class=\"elementor-column elementor-col-100 elementor-top-column elementor-element elementor-element-4c78a768\" data-id=\"4c78a768\" data-element_type=\"column\">\n\t\t\t<div class=\"elementor-column-wrap elementor-element-populated\">\n\t\t\t\t\t\t\t<div class=\"elementor-widget-wrap\">\n\t\t\t\t\t\t<div class=\"elementor-element elementor-element-4f3ff835 elementor-widget elementor-widget-image\" data-id=\"4f3ff835\" data-element_type=\"widget\" data-widget_type=\"image.default\">\n\t\t\t\t<div class=\"elementor-widget-container\">\n\t\t\t\t\t\t\t\t<div class=\"elementor-image\">\n\t\t\t\t\t\t\t\t\t\t\t\t<img loading=\"lazy\" decoding=\"async\" width=\"600\" height=\"247\" src=\"https:\/\/quiltwerkstatt.at\/wp-content\/uploads\/2021\/03\/Barbara-Friedl-Logo-600px.png\" class=\"attachment-medium_large size-medium_large\" alt=\"\" srcset=\"https:\/\/quiltwerkstatt.at\/wp-content\/uploads\/2021\/03\/Barbara-Friedl-Logo-600px.png 600w, https:\/\/quiltwerkstatt.at\/wp-content\/uploads\/2021\/03\/Barbara-Friedl-Logo-600px-300x124.png 300w\" sizes=\"auto, (max-width: 600px) 100vw, 600px\" style=\"width:100%;height:41.17%;max-width:600px;\" \/>\t\t\t\t\t\t\t\t\t\t\t\t\t\t<\/div>\n\t\t\t\t\t\t<\/div>\n\t\t\t\t<\/div>\n\t\t\t\t\t\t<\/div>\n\t\t\t\t\t<\/div>\n\t\t<\/div>\n\t\t\t\t\t\t\t\t<\/div>\n\t\t\t\t\t<\/div>\n\t\t<\/section>\n\t\t\t\t<section class=\"elementor-section elementor-top-section elementor-element elementor-element-2004a426 elementor-section-boxed elementor-section-height-default elementor-section-height-default\" data-id=\"2004a426\" data-element_type=\"section\">\n\t\t\t\t\t\t<div class=\"elementor-container elementor-column-gap-default\">\n\t\t\t\t\t\t\t<div class=\"elementor-row\">\n\t\t\t\t\t<div class=\"elementor-column elementor-col-100 elementor-top-column elementor-element elementor-element-3a3b31f2\" data-id=\"3a3b31f2\" data-element_type=\"column\">\n\t\t\t<div class=\"elementor-column-wrap elementor-element-populated\">\n\t\t\t\t\t\t\t<div class=\"elementor-widget-wrap\">\n\t\t\t\t\t\t<div class=\"elementor-element elementor-element-c341ac7 elementor-widget elementor-widget-heading\" data-id=\"c341ac7\" data-element_type=\"widget\" data-widget_type=\"heading.default\">\n\t\t\t\t<div class=\"elementor-widget-container\">\n\t\t\t<h3 class=\"elementor-heading-title elementor-size-default\">Quiltservice:<\/h3>\t\t<\/div>\n\t\t\t\t<\/div>\n\t\t\t\t\t\t<\/div>\n\t\t\t\t\t<\/div>\n\t\t<\/div>\n\t\t\t\t\t\t\t\t<\/div>\n\t\t\t\t\t<\/div>\n\t\t<\/section>\n\t\t\t\t<section class=\"elementor-section elementor-top-section elementor-element elementor-element-2efb1f72 elementor-section-boxed elementor-section-height-default elementor-section-height-default\" data-id=\"2efb1f72\" data-element_type=\"section\">\n\t\t\t\t\t\t<div class=\"elementor-container elementor-column-gap-default\">\n\t\t\t\t\t\t\t<div class=\"elementor-row\">\n\t\t\t\t\t<div class=\"elementor-column elementor-col-100 elementor-top-column elementor-element elementor-element-1cebd4e5\" data-id=\"1cebd4e5\" data-element_type=\"column\">\n\t\t\t<div class=\"elementor-column-wrap elementor-element-populated\">\n\t\t\t\t\t\t\t<div class=\"elementor-widget-wrap\">\n\t\t\t\t\t\t<div class=\"elementor-element elementor-element-36174a64 elementor-widget elementor-widget-text-editor\" data-id=\"36174a64\" data-element_type=\"widget\" data-widget_type=\"text-editor.default\">\n\t\t\t\t<div class=\"elementor-widget-container\">\n\t\t\t\t\t\t\t\t<div class=\"elementor-text-editor elementor-clearfix\">\n\t\t\t\t\t<p>Eine Longarm-Quiltmaschine ist eine N\u00e4hmaschine mit einem langen Freiarm f\u00fcr die Erstellung gro\u00dfer Quilts. Sie ist mit Hilfe eines Schlittens auf einem Rahmen montiert. Der Rahmen meiner Quiltmaschine hat eine Breite von 3 Metern. An diesem Rahmen befinden sich drei Rollen, an denen das Top, das Vlies und die R\u00fcckseite des Quilts befestigt werden. Der Quilt darf eine maximale Breite von 2,55m nicht \u00fcberschreiten. Die einfache Fadenf\u00fchrung, eine digitale Fadenspannungskontrolle und der Stichregulator sorgen f\u00fcr perfekte Stiche.<\/p><p>Gerne quilte ich Ihre Decken, Wandbeh\u00e4nge, Tischl\u00e4ufer, Polster, Taschen etc. Das mache ich frei Hand oder, je nach Ihrem Wunsch, mit einem computergest\u00fctzten System. Die maximale Breite des Quiltbereichs sind 2,55m; das hei\u00dft, die kleinere Seite Ihres St\u00fcckes darf nicht gr\u00f6\u00dfer sein.<span class=\"Apple-converted-space\">\u00a0<\/span><\/p><p><b>Allover-Quilting <\/b>ab \u20ac 35,- \/ qm<span class=\"Apple-converted-space\">\u00a0<\/span><\/p><p>diverse Meander, Sterne, Bl\u00e4tter, Herzen, Bl\u00fcten, geometrische Designs<span class=\"Apple-converted-space\">\u00a0<\/span><\/p><p><b>Custom-Quilting<span class=\"Apple-converted-space\">\u00a0<\/span><\/b> ab \u20ac 45,- \/ qm<span class=\"Apple-converted-space\">\u00a0<\/span><\/p><p>individuelle Quiltmuster unter Ber\u00fccksichtigung des Patchworkdesigns, Rulerwork<span class=\"Apple-converted-space\">\u00a0<\/span><\/p><p><b>Aufspannen<\/b><\/p><p>der einzelnen Teile: \u20ac 15,-<\/p><p><b>Wichtige Vorbereitungen<\/b><\/p><p>So soll Ihr Quilt zu mir gebracht\/geschickt werden:<\/p><p>Es d\u00fcrfen keine offenen N\u00e4hte vorhanden sein.<span class=\"Apple-converted-space\">\u00a0<\/span><\/p><p>Das Top muss geb\u00fcgelt sein.<\/p><p>Die Vorderseite des Tops ohne lose F\u00e4den &#8211; und auch auf evtl. vorhandene Nadeln in den N\u00e4hten vom Top achten&#8230;<\/p><p><span class=\"Apple-converted-space\">\u00a0<\/span>Bei Tops ohne Au\u00dfenrand: ringsherum mit einem Geradstich schmalkantig absteppen, damit sich keine N\u00e4hte \u00f6ffnen k\u00f6nnen.<span class=\"Apple-converted-space\">\u00a0<\/span><\/p><p><span class=\"Apple-converted-space\">\u00a0<\/span>R\u00fcckseite und Vlies sollten an jeder Seite 10 cm gr\u00f6\u00dfer sein als das Top. F\u00fcr diese Zugabe ist Voraussetzung, dass Top, Vlies und R\u00fcckseite RECHTWINKELIG und GERADE zugeschnitten sind.<\/p><p>Alle drei Lagen (Top, Vlies, R\u00fcckseite) m\u00fcssen separat sein und nicht geheftet, gesteckt oder geklebt.<\/p><p>Sie k\u00f6nnen mir Ihren Quilt gerne im Paket zusenden. Die Art des Quiltings, Wahl der Quiltmuster, Garn etc &#8230; kann ich mit Ihnen telefonisch oder per Mail kl\u00e4ren.<\/p>\t\t\t\t\t<\/div>\n\t\t\t\t\t\t<\/div>\n\t\t\t\t<\/div>\n\t\t\t\t\t\t<\/div>\n\t\t\t\t\t<\/div>\n\t\t<\/div>\n\t\t\t\t\t\t\t\t<\/div>\n\t\t\t\t\t<\/div>\n\t\t<\/section>\n\t\t\t\t<section class=\"elementor-section elementor-top-section elementor-element elementor-element-e44eeb0 elementor-section-boxed elementor-section-height-default elementor-section-height-default\" data-id=\"e44eeb0\" data-element_type=\"section\">\n\t\t\t\t\t\t<div class=\"elementor-container elementor-column-gap-default\">\n\t\t\t\t\t\t\t<div class=\"elementor-row\">\n\t\t\t\t\t<div class=\"elementor-column elementor-col-100 elementor-top-column elementor-element elementor-element-55eb365\" data-id=\"55eb365\" data-element_type=\"column\">\n\t\t\t<div class=\"elementor-column-wrap elementor-element-populated\">\n\t\t\t\t\t\t\t<div class=\"elementor-widget-wrap\">\n\t\t\t\t\t\t<div class=\"elementor-element elementor-element-ed55c25 elementor-aspect-ratio-169 elementor-widget elementor-widget-video\" data-id=\"ed55c25\" data-element_type=\"widget\" data-settings=\"{&quot;video_type&quot;:&quot;hosted&quot;,&quot;autoplay&quot;:&quot;yes&quot;,&quot;play_on_mobile&quot;:&quot;yes&quot;,&quot;loop&quot;:&quot;yes&quot;,&quot;controls&quot;:&quot;yes&quot;,&quot;aspect_ratio&quot;:&quot;169&quot;}\" data-widget_type=\"video.default\">\n\t\t\t\t<div class=\"elementor-widget-container\">\n\t\t\t\t\t<div class=\"e-hosted-video elementor-wrapper elementor-fit-aspect-ratio elementor-open-inline\">\n\t\t\t\t\t<video class=\"elementor-video\" src=\"https:\/\/quiltwerkstatt.at\/wp-content\/uploads\/2021\/06\/Video-1.mp4\" autoplay=\"\" loop=\"\" controls=\"\" playsinline=\"\" controlsList=\"nodownload\"><\/video>\n\t\t\t\t<\/div>\n\t\t\t\t<\/div>\n\t\t\t\t<\/div>\n\t\t\t\t\t\t<\/div>\n\t\t\t\t\t<\/div>\n\t\t<\/div>\n\t\t\t\t\t\t\t\t<\/div>\n\t\t\t\t\t<\/div>\n\t\t<\/section>\n\t\t\t\t\t\t<\/div>\n\t\t\t\t\t\t<\/div>\n\t\t\t\t\t<\/div>\n\t\t","protected":false},"excerpt":{"rendered":"<p>Quiltservice: Eine Longarm-Quiltmaschine ist eine N\u00e4hmaschine mit einem langen Freiarm f\u00fcr die Erstellung gro\u00dfer Quilts. Sie ist mit Hilfe eines Schlittens auf einem Rahmen montiert. Der Rahmen meiner Quiltmaschine hat eine Breite von 3 Metern. An diesem Rahmen befinden sich drei Rollen, an denen das Top, das Vlies und die R\u00fcckseite des Quilts befestigt werden.&hellip; <a class=\"more-link\" href=\"https:\/\/quiltwerkstatt.at\/?page_id=443\"><span class=\"screen-reader-text\">Kreativtraining<\/span> weiterlesen<\/a><\/p>\n","protected":false},"author":1,"featured_media":0,"parent":0,"menu_order":0,"comment_status":"closed","ping_status":"closed","template":"elementor_canvas","meta":{"footnotes":""},"class_list":["post-443","page","type-page","status-publish","hentry","entry"],"_links":{"self":[{"href":"https:\/\/quiltwerkstatt.at\/index.php?rest_route=\/wp\/v2\/pages\/443","targetHints":{"allow":["GET"]}}],"collection":[{"href":"https:\/\/quiltwerkstatt.at\/index.php?rest_route=\/wp\/v2\/pages"}],"about":[{"href":"https:\/\/quiltwerkstatt.at\/index.php?rest_route=\/wp\/v2\/types\/page"}],"author":[{"embeddable":true,"href":"https:\/\/quiltwerkstatt.at\/index.php?rest_route=\/wp\/v2\/users\/1"}],"replies":[{"embeddable":true,"href":"https:\/\/quiltwerkstatt.at\/index.php?rest_route=%2Fwp%2Fv2%2Fcomments&post=443"}],"version-history":[{"count":11,"href":"https:\/\/quiltwerkstatt.at\/index.php?rest_route=\/wp\/v2\/pages\/443\/revisions"}],"predecessor-version":[{"id":468,"href":"https:\/\/quiltwerkstatt.at\/index.php?rest_route=\/wp\/v2\/pages\/443\/revisions\/468"}],"wp:attachment":[{"href":"https:\/\/quiltwerkstatt.at\/index.php?rest_route=%2Fwp%2Fv2%2Fmedia&parent=443"}],"curies":[{"name":"wp","href":"https:\/\/api.w.org\/{rel}","templated":true}]}}