{"id":264,"date":"2021-06-02T09:39:34","date_gmt":"2021-06-02T07:39:34","guid":{"rendered":"https:\/\/quiltwerkstatt.at\/?page_id=264"},"modified":"2021-06-02T13:43:42","modified_gmt":"2021-06-02T11:43:42","slug":"quilten-info","status":"publish","type":"page","link":"https:\/\/quiltwerkstatt.at\/?page_id=264","title":{"rendered":"Quilten Info"},"content":{"rendered":"\t\t<div data-elementor-type=\"wp-page\" data-elementor-id=\"264\" class=\"elementor elementor-264\" data-elementor-settings=\"[]\">\n\t\t\t\t\t\t<div class=\"elementor-inner\">\n\t\t\t\t\t\t\t<div class=\"elementor-section-wrap\">\n\t\t\t\t\t\t\t<section class=\"elementor-section elementor-top-section elementor-element elementor-element-2645de75 elementor-section-boxed elementor-section-height-default elementor-section-height-default\" data-id=\"2645de75\" data-element_type=\"section\">\n\t\t\t\t\t\t<div class=\"elementor-container elementor-column-gap-default\">\n\t\t\t\t\t\t\t<div class=\"elementor-row\">\n\t\t\t\t\t<div class=\"elementor-column elementor-col-100 elementor-top-column elementor-element elementor-element-4b359ba0\" data-id=\"4b359ba0\" data-element_type=\"column\">\n\t\t\t<div class=\"elementor-column-wrap elementor-element-populated\">\n\t\t\t\t\t\t\t<div class=\"elementor-widget-wrap\">\n\t\t\t\t\t\t<div class=\"elementor-element elementor-element-124a0b0 elementor-widget elementor-widget-image\" data-id=\"124a0b0\" data-element_type=\"widget\" data-widget_type=\"image.default\">\n\t\t\t\t<div class=\"elementor-widget-container\">\n\t\t\t\t\t\t\t\t<div class=\"elementor-image\">\n\t\t\t\t\t\t\t\t\t\t\t\t<img loading=\"lazy\" decoding=\"async\" width=\"600\" height=\"247\" src=\"https:\/\/quiltwerkstatt.at\/wp-content\/uploads\/2021\/03\/Barbara-Friedl-Logo-600px.png\" class=\"attachment-medium_large size-medium_large\" alt=\"\" srcset=\"https:\/\/quiltwerkstatt.at\/wp-content\/uploads\/2021\/03\/Barbara-Friedl-Logo-600px.png 600w, https:\/\/quiltwerkstatt.at\/wp-content\/uploads\/2021\/03\/Barbara-Friedl-Logo-600px-300x124.png 300w\" sizes=\"auto, (max-width: 600px) 100vw, 600px\" style=\"width:100%;height:41.17%;max-width:600px;\" \/>\t\t\t\t\t\t\t\t\t\t\t\t\t\t<\/div>\n\t\t\t\t\t\t<\/div>\n\t\t\t\t<\/div>\n\t\t\t\t\t\t<\/div>\n\t\t\t\t\t<\/div>\n\t\t<\/div>\n\t\t\t\t\t\t\t\t<\/div>\n\t\t\t\t\t<\/div>\n\t\t<\/section>\n\t\t\t\t<section class=\"elementor-section elementor-top-section elementor-element elementor-element-687446c elementor-section-boxed elementor-section-height-default elementor-section-height-default\" data-id=\"687446c\" data-element_type=\"section\">\n\t\t\t\t\t\t<div class=\"elementor-container elementor-column-gap-default\">\n\t\t\t\t\t\t\t<div class=\"elementor-row\">\n\t\t\t\t\t<div class=\"elementor-column elementor-col-100 elementor-top-column elementor-element elementor-element-9cb890a\" data-id=\"9cb890a\" data-element_type=\"column\">\n\t\t\t<div class=\"elementor-column-wrap elementor-element-populated\">\n\t\t\t\t\t\t\t<div class=\"elementor-widget-wrap\">\n\t\t\t\t\t\t<div class=\"elementor-element elementor-element-31dbe44 elementor-widget elementor-widget-heading\" data-id=\"31dbe44\" data-element_type=\"widget\" data-widget_type=\"heading.default\">\n\t\t\t\t<div class=\"elementor-widget-container\">\n\t\t\t<h3 class=\"elementor-heading-title elementor-size-default\">Kreativtraining:<\/h3>\t\t<\/div>\n\t\t\t\t<\/div>\n\t\t\t\t\t\t<\/div>\n\t\t\t\t\t<\/div>\n\t\t<\/div>\n\t\t\t\t\t\t\t\t<\/div>\n\t\t\t\t\t<\/div>\n\t\t<\/section>\n\t\t\t\t<section class=\"elementor-section elementor-top-section elementor-element elementor-element-5118436 elementor-section-boxed elementor-section-height-default elementor-section-height-default\" data-id=\"5118436\" data-element_type=\"section\">\n\t\t\t\t\t\t<div class=\"elementor-container elementor-column-gap-default\">\n\t\t\t\t\t\t\t<div class=\"elementor-row\">\n\t\t\t\t\t<div class=\"elementor-column elementor-col-66 elementor-top-column elementor-element elementor-element-5836fe5\" data-id=\"5836fe5\" data-element_type=\"column\">\n\t\t\t<div class=\"elementor-column-wrap elementor-element-populated\">\n\t\t\t\t\t\t\t<div class=\"elementor-widget-wrap\">\n\t\t\t\t\t\t<div class=\"elementor-element elementor-element-23b9a46 elementor-widget elementor-widget-text-editor\" data-id=\"23b9a46\" data-element_type=\"widget\" data-widget_type=\"text-editor.default\">\n\t\t\t\t<div class=\"elementor-widget-container\">\n\t\t\t\t\t\t\t\t<div class=\"elementor-text-editor elementor-clearfix\">\n\t\t\t\t\t<p>Workshops N\u00e4hen und Quilten:<\/p><p>In meinen beiden Kursr\u00e4umen in Regau biete ich verschiedene Kurse an. Diese finden in kleinem Rahmen (zwei bis f\u00fcnf TeilnehmerInnen) und in Bl\u00f6cken von drei Stunden statt. Sie n\u00e4hen\/quilten mit Ihrer eigenen N\u00e4hmaschine. Nach Absprache kann ich Ihnen auch meine Maschine zur Verf\u00fcgung stellen. Die Kursgeb\u00fchr betr\u00e4gt \u20ac 35,- pro Block (inklusive Kaffee\/Tee und Kuchen). Erm\u00e4\u00dfigung gibt es beim Buchen von Dreierblocks (\u20ac 100,- statt \u20ac 105,-) oder Zehnerblocks (\u20ac 330,- statt \u20ac350,-).<\/p><p>Kursangebot:<\/p><p>N\u00e4hen f\u00fcr absolute Anf\u00e4nger und Anf\u00e4nger, die sich schon ein bisschen mit der N\u00e4hmaschine auskennen: es werden einfache Projekte gen\u00e4ht<\/p><p>N\u00e4hen mit Jersey (wenn vorhanden, Overlockmaschine mitnehmen): Baby- und Kinderkleidung, Shirts, Leggins, M\u00fctzen etc. f\u00fcr Erwachsene<\/p><p>N\u00e4hen von Bekleidung nach mitgebrachten Schnittmustern<\/p><p>N\u00e4hen von Patchworkmustern: Kissen, Tasche, L\u00e4ufer, Wandbehang\u2026<\/p><p>Quilten mit der eigenen N\u00e4hmaschine f\u00fcr Einsteiger<\/p><p>Quilten mit der eigenen N\u00e4hmaschine f\u00fcr Fortgeschrittene<\/p><p>Quilten mit der eigenen N\u00e4hmaschine Federmuster<\/p><p>Quilten mit der eigenen N\u00e4hmaschine Design erstellen<\/p><p>Wenn es aktuell keinen von Ihnen gew\u00fcnschten Workshop gibt, k\u00f6nnen Sie mich gerne kontaktieren.<span class=\"Apple-converted-space\">\u00a0<\/span><\/p>\t\t\t\t\t<\/div>\n\t\t\t\t\t\t<\/div>\n\t\t\t\t<\/div>\n\t\t\t\t\t\t<\/div>\n\t\t\t\t\t<\/div>\n\t\t<\/div>\n\t\t\t\t<div class=\"elementor-column elementor-col-33 elementor-top-column elementor-element elementor-element-c2067a6\" data-id=\"c2067a6\" data-element_type=\"column\">\n\t\t\t<div class=\"elementor-column-wrap elementor-element-populated\">\n\t\t\t\t\t\t\t<div class=\"elementor-widget-wrap\">\n\t\t\t\t\t\t<div class=\"elementor-element elementor-element-ee3f7ed elementor-arrows-position-inside elementor-pagination-position-outside elementor-widget elementor-widget-image-carousel\" data-id=\"ee3f7ed\" data-element_type=\"widget\" data-settings=\"{&quot;slides_to_show&quot;:&quot;1&quot;,&quot;navigation&quot;:&quot;both&quot;,&quot;autoplay&quot;:&quot;yes&quot;,&quot;pause_on_hover&quot;:&quot;yes&quot;,&quot;pause_on_interaction&quot;:&quot;yes&quot;,&quot;autoplay_speed&quot;:5000,&quot;infinite&quot;:&quot;yes&quot;,&quot;effect&quot;:&quot;slide&quot;,&quot;speed&quot;:500}\" data-widget_type=\"image-carousel.default\">\n\t\t\t\t<div class=\"elementor-widget-container\">\n\t\t\t\t\t<div class=\"elementor-image-carousel-wrapper swiper-container\" dir=\"ltr\">\n\t\t\t<div class=\"elementor-image-carousel swiper-wrapper\">\n\t\t\t\t<div class=\"swiper-slide\"><figure class=\"swiper-slide-inner\"><img decoding=\"async\" class=\"swiper-slide-image\" src=\"https:\/\/quiltwerkstatt.at\/wp-content\/uploads\/elementor\/thumbs\/Barbara_Friedl_Quiltwerkstatt_03_2021_117-p82jkzpdmgy7enr730f4ljmyyersnfzdztguw3u060.jpeg\" alt=\"Barbara_Friedl_Quiltwerkstatt_03_2021_117\" \/><\/figure><\/div><div class=\"swiper-slide\"><figure class=\"swiper-slide-inner\"><img decoding=\"async\" class=\"swiper-slide-image\" src=\"https:\/\/quiltwerkstatt.at\/wp-content\/uploads\/elementor\/thumbs\/Barbara_Friedl_Quiltwerkstatt_03_2021_108-p82jl1l2050s1vogs18dqj5w56ij2u6uo2rtunr7tk.jpeg\" alt=\"Barbara_Friedl_Quiltwerkstatt_03_2021_108\" \/><\/figure><\/div><div class=\"swiper-slide\"><figure class=\"swiper-slide-inner\"><img decoding=\"async\" class=\"swiper-slide-image\" src=\"https:\/\/quiltwerkstatt.at\/wp-content\/uploads\/elementor\/thumbs\/Barbara_Friedl_Quiltwerkstatt_03_2021_103-p82jl2iw6z22dhn3mjn0b0xcqkdwajal07fbbxptnc.jpeg\" alt=\"Barbara_Friedl_Quiltwerkstatt_03_2021_103\" \/><\/figure><\/div><div class=\"swiper-slide\"><figure class=\"swiper-slide-inner\"><img decoding=\"async\" class=\"swiper-slide-image\" src=\"https:\/\/quiltwerkstatt.at\/wp-content\/uploads\/elementor\/thumbs\/Barbara_Friedl_Quiltwerkstatt_03_2021_043-p82jl3gqdt3cp3lqh21mviotby99i8ebcc2st7ofh4.jpeg\" alt=\"Barbara_Friedl_Quiltwerkstatt_03_2021_043\" \/><\/figure><\/div><div class=\"swiper-slide\"><figure class=\"swiper-slide-inner\"><img decoding=\"async\" class=\"swiper-slide-image\" src=\"https:\/\/quiltwerkstatt.at\/wp-content\/uploads\/elementor\/thumbs\/Barbara_Friedl_Quiltwerkstatt_03_2021_032-p82jl4ekkn4n0pkdbkg9g0g9xc4mpxi1ogqaahn1aw.jpeg\" alt=\"Barbara_Friedl_Quiltwerkstatt_03_2021_032\" \/><\/figure><\/div><div class=\"swiper-slide\"><figure class=\"swiper-slide-inner\"><img decoding=\"async\" class=\"swiper-slide-image\" src=\"https:\/\/quiltwerkstatt.at\/wp-content\/uploads\/elementor\/thumbs\/Barbara_Friedl_Quiltwerkstatt_03_2021_030-p82jl5cerh5xcbj062uw0i7qipzzxmls0ldrrrln4o.jpeg\" alt=\"Barbara_Friedl_Quiltwerkstatt_03_2021_030\" \/><\/figure><\/div><div class=\"swiper-slide\"><figure class=\"swiper-slide-inner\"><img decoding=\"async\" class=\"swiper-slide-image\" src=\"https:\/\/quiltwerkstatt.at\/wp-content\/uploads\/elementor\/thumbs\/Barbara_Friedl_Quiltwerkstatt_03_2021_019-p82jl6a8yb77nxhn0l9ikzz743vd5bpicq1991k8yg.jpeg\" alt=\"Barbara_Friedl_Quiltwerkstatt_03_2021_019\" \/><\/figure><\/div>\t\t\t<\/div>\n\t\t\t\t\t\t\t\t\t\t\t\t<div class=\"swiper-pagination\"><\/div>\n\t\t\t\t\t\t\t\t\t\t\t\t\t<div class=\"elementor-swiper-button elementor-swiper-button-prev\">\n\t\t\t\t\t\t<i class=\"eicon-chevron-left\" aria-hidden=\"true\"><\/i>\n\t\t\t\t\t\t<span class=\"elementor-screen-only\">Zur\u00fcck<\/span>\n\t\t\t\t\t<\/div>\n\t\t\t\t\t<div class=\"elementor-swiper-button elementor-swiper-button-next\">\n\t\t\t\t\t\t<i class=\"eicon-chevron-right\" aria-hidden=\"true\"><\/i>\n\t\t\t\t\t\t<span class=\"elementor-screen-only\">Weiter<\/span>\n\t\t\t\t\t<\/div>\n\t\t\t\t\t\t\t\t\t<\/div>\n\t\t\t\t<\/div>\n\t\t\t\t<\/div>\n\t\t\t\t\t\t<\/div>\n\t\t\t\t\t<\/div>\n\t\t<\/div>\n\t\t\t\t\t\t\t\t<\/div>\n\t\t\t\t\t<\/div>\n\t\t<\/section>\n\t\t\t\t\t\t<\/div>\n\t\t\t\t\t\t<\/div>\n\t\t\t\t\t<\/div>\n\t\t","protected":false},"excerpt":{"rendered":"<p>Kreativtraining: Workshops N\u00e4hen und Quilten: In meinen beiden Kursr\u00e4umen in Regau biete ich verschiedene Kurse an. Diese finden in kleinem Rahmen (zwei bis f\u00fcnf TeilnehmerInnen) und in Bl\u00f6cken von drei Stunden statt. Sie n\u00e4hen\/quilten mit Ihrer eigenen N\u00e4hmaschine. Nach Absprache kann ich Ihnen auch meine Maschine zur Verf\u00fcgung stellen. Die Kursgeb\u00fchr betr\u00e4gt \u20ac 35,- pro&hellip; <a class=\"more-link\" href=\"https:\/\/quiltwerkstatt.at\/?page_id=264\"><span class=\"screen-reader-text\">Quilten Info<\/span> weiterlesen<\/a><\/p>\n","protected":false},"author":1,"featured_media":0,"parent":0,"menu_order":0,"comment_status":"closed","ping_status":"closed","template":"elementor_canvas","meta":{"footnotes":""},"class_list":["post-264","page","type-page","status-publish","hentry","entry"],"_links":{"self":[{"href":"https:\/\/quiltwerkstatt.at\/index.php?rest_route=\/wp\/v2\/pages\/264","targetHints":{"allow":["GET"]}}],"collection":[{"href":"https:\/\/quiltwerkstatt.at\/index.php?rest_route=\/wp\/v2\/pages"}],"about":[{"href":"https:\/\/quiltwerkstatt.at\/index.php?rest_route=\/wp\/v2\/types\/page"}],"author":[{"embeddable":true,"href":"https:\/\/quiltwerkstatt.at\/index.php?rest_route=\/wp\/v2\/users\/1"}],"replies":[{"embeddable":true,"href":"https:\/\/quiltwerkstatt.at\/index.php?rest_route=%2Fwp%2Fv2%2Fcomments&post=264"}],"version-history":[{"count":10,"href":"https:\/\/quiltwerkstatt.at\/index.php?rest_route=\/wp\/v2\/pages\/264\/revisions"}],"predecessor-version":[{"id":439,"href":"https:\/\/quiltwerkstatt.at\/index.php?rest_route=\/wp\/v2\/pages\/264\/revisions\/439"}],"wp:attachment":[{"href":"https:\/\/quiltwerkstatt.at\/index.php?rest_route=%2Fwp%2Fv2%2Fmedia&parent=264"}],"curies":[{"name":"wp","href":"https:\/\/api.w.org\/{rel}","templated":true}]}}